{"id":3153,"date":"2015-02-04T11:39:26","date_gmt":"2015-02-04T10:39:26","guid":{"rendered":"https:\/\/www.camping-la-verdiere-83.com\/la-piscine\/"},"modified":"2022-12-02T12:01:38","modified_gmt":"2022-12-02T11:01:38","slug":"la-piscine","status":"publish","type":"page","link":"https:\/\/www.camping-la-verdiere-83.com\/de\/la-piscine\/","title":{"rendered":"Schwimmbad und Tennis"},"content":{"rendered":"\n<h1 class=\"wp-block-heading\"><span style=\"color: #33cccc;\">Camping Gorges du Verdon mit Pool<\/span><\/h1>\n\n\n\n<figure class=\"wp-block-gallery has-nested-images columns-default is-cropped wp-block-gallery-1 is-layout-flex wp-block-gallery-is-layout-flex\">\n<figure class=\"wp-block-image size-large\"><a href=\"https:\/\/www.camping-la-verdiere-83.com\/wp-content\/uploads\/2022\/09\/Piscine-famille-1-scaled.jpg\"><img loading=\"lazy\" decoding=\"async\" width=\"1024\" height=\"563\" data-id=\"5385\" src=\"https:\/\/www.camping-la-verdiere-83.com\/wp-content\/uploads\/2022\/09\/Piscine-famille-1-1024x563.jpg\" alt=\"\" class=\"wp-image-5385\" srcset=\"https:\/\/www.camping-la-verdiere-83.com\/wp-content\/uploads\/2022\/09\/Piscine-famille-1-1024x563.jpg 1024w, https:\/\/www.camping-la-verdiere-83.com\/wp-content\/uploads\/2022\/09\/Piscine-famille-1-300x165.jpg 300w, https:\/\/www.camping-la-verdiere-83.com\/wp-content\/uploads\/2022\/09\/Piscine-famille-1-768x422.jpg 768w, https:\/\/www.camping-la-verdiere-83.com\/wp-content\/uploads\/2022\/09\/Piscine-famille-1-1536x844.jpg 1536w, https:\/\/www.camping-la-verdiere-83.com\/wp-content\/uploads\/2022\/09\/Piscine-famille-1-2048x1125.jpg 2048w\" sizes=\"auto, (max-width: 1024px) 100vw, 1024px\" \/><\/a><\/figure>\n\n\n\n<figure class=\"wp-block-image size-large\"><a href=\"https:\/\/www.camping-la-verdiere-83.com\/wp-content\/uploads\/2022\/03\/IMG_3059-scaled.jpg\"><img loading=\"lazy\" decoding=\"async\" width=\"1024\" height=\"768\" data-id=\"5222\" src=\"https:\/\/www.camping-la-verdiere-83.com\/wp-content\/uploads\/2022\/03\/IMG_3059-1024x768.jpg\" alt=\"\" class=\"wp-image-5222\" srcset=\"https:\/\/www.camping-la-verdiere-83.com\/wp-content\/uploads\/2022\/03\/IMG_3059-1024x768.jpg 1024w, https:\/\/www.camping-la-verdiere-83.com\/wp-content\/uploads\/2022\/03\/IMG_3059-300x225.jpg 300w, https:\/\/www.camping-la-verdiere-83.com\/wp-content\/uploads\/2022\/03\/IMG_3059-768x576.jpg 768w, https:\/\/www.camping-la-verdiere-83.com\/wp-content\/uploads\/2022\/03\/IMG_3059-1536x1152.jpg 1536w, https:\/\/www.camping-la-verdiere-83.com\/wp-content\/uploads\/2022\/03\/IMG_3059-2048x1536.jpg 2048w\" sizes=\"auto, (max-width: 1024px) 100vw, 1024px\" \/><\/a><\/figure>\n\n\n\n<figure class=\"wp-block-image size-large\"><a href=\"https:\/\/www.camping-la-verdiere-83.com\/wp-content\/uploads\/2021\/05\/Piscine-page-acc.jpg\"><img loading=\"lazy\" decoding=\"async\" width=\"1024\" height=\"855\" data-id=\"4873\" src=\"https:\/\/www.camping-la-verdiere-83.com\/wp-content\/uploads\/2021\/05\/Piscine-page-acc-1024x855.jpg\" alt=\"\" class=\"wp-image-4873\" srcset=\"https:\/\/www.camping-la-verdiere-83.com\/wp-content\/uploads\/2021\/05\/Piscine-page-acc-1024x855.jpg 1024w, https:\/\/www.camping-la-verdiere-83.com\/wp-content\/uploads\/2021\/05\/Piscine-page-acc-300x251.jpg 300w, https:\/\/www.camping-la-verdiere-83.com\/wp-content\/uploads\/2021\/05\/Piscine-page-acc-768x641.jpg 768w, https:\/\/www.camping-la-verdiere-83.com\/wp-content\/uploads\/2021\/05\/Piscine-page-acc.jpg 1293w\" sizes=\"auto, (max-width: 1024px) 100vw, 1024px\" \/><\/a><\/figure>\n\n\n\n<figure class=\"wp-block-image size-large\"><a href=\"https:\/\/www.camping-la-verdiere-83.com\/wp-content\/uploads\/2022\/09\/piscine-recadre-scaled.jpeg\"><img loading=\"lazy\" decoding=\"async\" width=\"1024\" height=\"724\" data-id=\"5381\" src=\"https:\/\/www.camping-la-verdiere-83.com\/wp-content\/uploads\/2022\/09\/piscine-recadre-1024x724.jpeg\" alt=\"\" class=\"wp-image-5381\" srcset=\"https:\/\/www.camping-la-verdiere-83.com\/wp-content\/uploads\/2022\/09\/piscine-recadre-1024x724.jpeg 1024w, https:\/\/www.camping-la-verdiere-83.com\/wp-content\/uploads\/2022\/09\/piscine-recadre-300x212.jpeg 300w, https:\/\/www.camping-la-verdiere-83.com\/wp-content\/uploads\/2022\/09\/piscine-recadre-768x543.jpeg 768w, https:\/\/www.camping-la-verdiere-83.com\/wp-content\/uploads\/2022\/09\/piscine-recadre-1536x1086.jpeg 1536w, https:\/\/www.camping-la-verdiere-83.com\/wp-content\/uploads\/2022\/09\/piscine-recadre-2048x1448.jpeg 2048w\" sizes=\"auto, (max-width: 1024px) 100vw, 1024px\" \/><\/a><\/figure>\n\n\n\n<figure class=\"wp-block-image size-large\"><a href=\"https:\/\/www.camping-la-verdiere-83.com\/wp-content\/uploads\/2021\/06\/Nath-cool-scaled.jpg\"><img loading=\"lazy\" decoding=\"async\" width=\"1024\" height=\"768\" data-id=\"4990\" src=\"https:\/\/www.camping-la-verdiere-83.com\/wp-content\/uploads\/2021\/06\/Nath-cool-1024x768.jpg\" alt=\"\" class=\"wp-image-4990\" srcset=\"https:\/\/www.camping-la-verdiere-83.com\/wp-content\/uploads\/2021\/06\/Nath-cool-1024x768.jpg 1024w, https:\/\/www.camping-la-verdiere-83.com\/wp-content\/uploads\/2021\/06\/Nath-cool-300x225.jpg 300w, https:\/\/www.camping-la-verdiere-83.com\/wp-content\/uploads\/2021\/06\/Nath-cool-768x576.jpg 768w, https:\/\/www.camping-la-verdiere-83.com\/wp-content\/uploads\/2021\/06\/Nath-cool-1536x1152.jpg 1536w, https:\/\/www.camping-la-verdiere-83.com\/wp-content\/uploads\/2021\/06\/Nath-cool-2048x1536.jpg 2048w\" sizes=\"auto, (max-width: 1024px) 100vw, 1024px\" \/><\/a><\/figure>\n<\/figure>\n\n\n\n<p>Sie planen Ihren Urlaub nicht auf einem Campingplatz ohne Schwimmbad?<\/p>\n\n\n\n<p>F\u00fcr die Freude von Jung und Alt, entspannen Sie sich mit dem Privileg einer ruhigen, entspannenden und famili\u00e4ren Atmosph\u00e4re<\/p>\n\n\n\n<p>Der Pool wartet auf Sie! Kommen Sie und genie\u00dfen Sie den Camping de la Verdi\u00e8re im Herzen des &#8220; <span style=\"color: #3366ff;\">RegionalparksVerdon&#8220;<\/span>!<\/p>\n\n\n\n<p>W\u00e4hrend Ihres Aufenthaltes haben Sie Zugang zum Pool.<\/p>\n\n\n\n<p class=\"tw-data-text tw-text-large XcVN5d tw-ta\" id=\"tw-target-text\"><span lang=\"de\">Das Schwimmen erfolgt unter Aufsicht von Erwachsenen, die f\u00fcr Kinder verantwortlich sind<\/span><\/p>\n\n\n\n<p class=\"has-text-align-center\"><strong>\u00d6ffnung des Schwimmbads vom April&nbsp; bis Oktober 2021<br>\n<\/strong><\/p>\n\n\n\n<h2 class=\"wp-block-heading\"><span style=\"color: #33cccc;\">Camping mit Zugang zu Tennisplatz<\/span><\/h2>\n\n\n\n<figure class=\"wp-block-image\"><a href=\"https:\/\/www.campingdelaverdiere.com\/wp-content\/uploads\/2015\/02\/tennis1.jpg\"><img loading=\"lazy\" decoding=\"async\" width=\"500\" height=\"375\" src=\"https:\/\/www.campingdelaverdiere.com\/wp-content\/uploads\/2015\/02\/tennis1.jpg\" alt=\"camping tennis\" class=\"wp-image-2319\" srcset=\"https:\/\/www.camping-la-verdiere-83.com\/wp-content\/uploads\/2015\/02\/tennis1.jpg 500w, https:\/\/www.camping-la-verdiere-83.com\/wp-content\/uploads\/2015\/02\/tennis1-300x225.jpg 300w\" sizes=\"auto, (max-width: 500px) 100vw, 500px\" \/><\/a><\/figure>\n\n\n\n<p>Sport w\u00e4hrend der Ferien<\/p>\n\n\n\n<p>Nichts Sch\u00f6neres als ein Urlaub, um seinen Fitnesszustand zu verbessern!<\/p>\n\n\n\n<p>Tennis, Tischtennis, Schwimmen; es wird etwas f\u00fcr die ganze Familie dabei sein.<\/p>\n\n\n\n<p>Gibt es eine bessere M\u00f6glichkeit, Momente des Lachens und der Geselligkeit mit Familie oder Freunden zu verbringen oder andere Urlauber zu treffen? Sie k\u00f6nnen zum Beispiel ein Turnier mit Ihren Nachbarn organisieren &#8230;<\/p>\n\n\n\n<p>Reservierungen werden an der Rezeption oder an der Snackbar vorgenommen.<\/p>\n\n\n\n<p>Der Preis betr\u00e4gt 5 \u20ac pro Stunde f\u00fcr eine Platzmiete.<\/p>\n\n\n\n<p><span style=\"color: #3366ff;\">&#8222;Buchen Sie jetzt Ihr Mobilheim oder Ihren Campingplatz im Regionalen Naturpark Verdon&#8220;<\/span><\/p>\n\n\n\n<h1 class=\"wp-block-heading\"><em>Camping Gorges du Verdon mit Pool<\/em><\/h1>\n","protected":false},"excerpt":{"rendered":"<p>Camping Gorges du Verdon mit Pool Sie planen Ihren Urlaub nicht auf einem Campingplatz ohne Schwimmbad? F\u00fcr die Freude von Jung und Alt, entspannen Sie sich mit dem Privileg einer ruhigen, entspannenden und famili\u00e4ren Atmosph\u00e4re Der Pool wartet auf Sie! Kommen Sie und genie\u00dfen Sie den Camping de la Verdi\u00e8re im Herzen des &#8220; RegionalparksVerdon&#8220;! [&hellip;]<\/p>\n","protected":false},"author":1,"featured_media":0,"parent":0,"menu_order":0,"comment_status":"open","ping_status":"open","template":"","meta":{"footnotes":""},"class_list":["post-3153","page","type-page","status-publish","hentry"],"yoast_head":"<!-- This site is optimized with the Yoast SEO plugin v26.8 - https:\/\/yoast.com\/product\/yoast-seo-wordpress\/ -->\n<title>camping verdon piscine | La verdi\u00e8re<\/title>\n<meta name=\"robots\" content=\"index, follow, max-snippet:-1, max-image-preview:large, max-video-preview:-1\" \/>\n<link rel=\"canonical\" href=\"https:\/\/www.camping-la-verdiere-83.com\/de\/la-piscine\/\" \/>\n<meta property=\"og:locale\" content=\"de_DE\" \/>\n<meta property=\"og:type\" content=\"article\" \/>\n<meta property=\"og:title\" content=\"camping verdon piscine | La verdi\u00e8re\" \/>\n<meta property=\"og:description\" content=\"Camping Gorges du Verdon mit Pool Sie planen Ihren Urlaub nicht auf einem Campingplatz ohne Schwimmbad? F\u00fcr die Freude von Jung und Alt, entspannen Sie sich mit dem Privileg einer ruhigen, entspannenden und famili\u00e4ren Atmosph\u00e4re Der Pool wartet auf Sie! Kommen Sie und genie\u00dfen Sie den Camping de la Verdi\u00e8re im Herzen des &#8220; RegionalparksVerdon&#8220;! [&hellip;]\" \/>\n<meta property=\"og:url\" content=\"https:\/\/www.camping-la-verdiere-83.com\/de\/la-piscine\/\" \/>\n<meta property=\"og:site_name\" content=\"La verdi\u00e8re 83\" \/>\n<meta property=\"article:modified_time\" content=\"2022-12-02T11:01:38+00:00\" \/>\n<meta property=\"og:image\" content=\"https:\/\/www.camping-la-verdiere-83.com\/wp-content\/uploads\/2022\/09\/Piscine-famille-1-1024x563.jpg\" \/>\n<meta name=\"twitter:label1\" content=\"Gesch\u00e4tzte Lesezeit\" \/>\n\t<meta name=\"twitter:data1\" content=\"3\u00a0Minuten\" \/>\n<script type=\"application\/ld+json\" class=\"yoast-schema-graph\">{\"@context\":\"https:\/\/schema.org\",\"@graph\":[{\"@type\":\"WebPage\",\"@id\":\"https:\/\/www.camping-la-verdiere-83.com\/de\/la-piscine\/\",\"url\":\"https:\/\/www.camping-la-verdiere-83.com\/de\/la-piscine\/\",\"name\":\"camping verdon piscine | La verdi\u00e8re\",\"isPartOf\":{\"@id\":\"https:\/\/www.camping-la-verdiere-83.com\/#website\"},\"primaryImageOfPage\":{\"@id\":\"https:\/\/www.camping-la-verdiere-83.com\/de\/la-piscine\/#primaryimage\"},\"image\":{\"@id\":\"https:\/\/www.camping-la-verdiere-83.com\/de\/la-piscine\/#primaryimage\"},\"thumbnailUrl\":\"https:\/\/www.camping-la-verdiere-83.com\/wp-content\/uploads\/2022\/09\/Piscine-famille-1-1024x563.jpg\",\"datePublished\":\"2015-02-04T10:39:26+00:00\",\"dateModified\":\"2022-12-02T11:01:38+00:00\",\"breadcrumb\":{\"@id\":\"https:\/\/www.camping-la-verdiere-83.com\/de\/la-piscine\/#breadcrumb\"},\"inLanguage\":\"de\",\"potentialAction\":[{\"@type\":\"ReadAction\",\"target\":[\"https:\/\/www.camping-la-verdiere-83.com\/de\/la-piscine\/\"]}]},{\"@type\":\"ImageObject\",\"inLanguage\":\"de\",\"@id\":\"https:\/\/www.camping-la-verdiere-83.com\/de\/la-piscine\/#primaryimage\",\"url\":\"https:\/\/www.camping-la-verdiere-83.com\/wp-content\/uploads\/2022\/09\/Piscine-famille-1-1024x563.jpg\",\"contentUrl\":\"https:\/\/www.camping-la-verdiere-83.com\/wp-content\/uploads\/2022\/09\/Piscine-famille-1-1024x563.jpg\"},{\"@type\":\"BreadcrumbList\",\"@id\":\"https:\/\/www.camping-la-verdiere-83.com\/de\/la-piscine\/#breadcrumb\",\"itemListElement\":[{\"@type\":\"ListItem\",\"position\":1,\"name\":\"Accueil\",\"item\":\"https:\/\/www.camping-la-verdiere-83.com\/de\/\"},{\"@type\":\"ListItem\",\"position\":2,\"name\":\"Schwimmbad und Tennis\"}]},{\"@type\":\"WebSite\",\"@id\":\"https:\/\/www.camping-la-verdiere-83.com\/#website\",\"url\":\"https:\/\/www.camping-la-verdiere-83.com\/\",\"name\":\"La verdi\u00e8re 83\",\"description\":\"camping verdon\",\"potentialAction\":[{\"@type\":\"SearchAction\",\"target\":{\"@type\":\"EntryPoint\",\"urlTemplate\":\"https:\/\/www.camping-la-verdiere-83.com\/?s={search_term_string}\"},\"query-input\":{\"@type\":\"PropertyValueSpecification\",\"valueRequired\":true,\"valueName\":\"search_term_string\"}}],\"inLanguage\":\"de\"}]}<\/script>\n<!-- \/ Yoast SEO plugin. -->","yoast_head_json":{"title":"camping verdon piscine | La verdi\u00e8re","robots":{"index":"index","follow":"follow","max-snippet":"max-snippet:-1","max-image-preview":"max-image-preview:large","max-video-preview":"max-video-preview:-1"},"canonical":"https:\/\/www.camping-la-verdiere-83.com\/de\/la-piscine\/","og_locale":"de_DE","og_type":"article","og_title":"camping verdon piscine | La verdi\u00e8re","og_description":"Camping Gorges du Verdon mit Pool Sie planen Ihren Urlaub nicht auf einem Campingplatz ohne Schwimmbad? F\u00fcr die Freude von Jung und Alt, entspannen Sie sich mit dem Privileg einer ruhigen, entspannenden und famili\u00e4ren Atmosph\u00e4re Der Pool wartet auf Sie! Kommen Sie und genie\u00dfen Sie den Camping de la Verdi\u00e8re im Herzen des &#8220; RegionalparksVerdon&#8220;! [&hellip;]","og_url":"https:\/\/www.camping-la-verdiere-83.com\/de\/la-piscine\/","og_site_name":"La verdi\u00e8re 83","article_modified_time":"2022-12-02T11:01:38+00:00","og_image":[{"url":"https:\/\/www.camping-la-verdiere-83.com\/wp-content\/uploads\/2022\/09\/Piscine-famille-1-1024x563.jpg","type":"","width":"","height":""}],"twitter_misc":{"Gesch\u00e4tzte Lesezeit":"3\u00a0Minuten"},"schema":{"@context":"https:\/\/schema.org","@graph":[{"@type":"WebPage","@id":"https:\/\/www.camping-la-verdiere-83.com\/de\/la-piscine\/","url":"https:\/\/www.camping-la-verdiere-83.com\/de\/la-piscine\/","name":"camping verdon piscine | La verdi\u00e8re","isPartOf":{"@id":"https:\/\/www.camping-la-verdiere-83.com\/#website"},"primaryImageOfPage":{"@id":"https:\/\/www.camping-la-verdiere-83.com\/de\/la-piscine\/#primaryimage"},"image":{"@id":"https:\/\/www.camping-la-verdiere-83.com\/de\/la-piscine\/#primaryimage"},"thumbnailUrl":"https:\/\/www.camping-la-verdiere-83.com\/wp-content\/uploads\/2022\/09\/Piscine-famille-1-1024x563.jpg","datePublished":"2015-02-04T10:39:26+00:00","dateModified":"2022-12-02T11:01:38+00:00","breadcrumb":{"@id":"https:\/\/www.camping-la-verdiere-83.com\/de\/la-piscine\/#breadcrumb"},"inLanguage":"de","potentialAction":[{"@type":"ReadAction","target":["https:\/\/www.camping-la-verdiere-83.com\/de\/la-piscine\/"]}]},{"@type":"ImageObject","inLanguage":"de","@id":"https:\/\/www.camping-la-verdiere-83.com\/de\/la-piscine\/#primaryimage","url":"https:\/\/www.camping-la-verdiere-83.com\/wp-content\/uploads\/2022\/09\/Piscine-famille-1-1024x563.jpg","contentUrl":"https:\/\/www.camping-la-verdiere-83.com\/wp-content\/uploads\/2022\/09\/Piscine-famille-1-1024x563.jpg"},{"@type":"BreadcrumbList","@id":"https:\/\/www.camping-la-verdiere-83.com\/de\/la-piscine\/#breadcrumb","itemListElement":[{"@type":"ListItem","position":1,"name":"Accueil","item":"https:\/\/www.camping-la-verdiere-83.com\/de\/"},{"@type":"ListItem","position":2,"name":"Schwimmbad und Tennis"}]},{"@type":"WebSite","@id":"https:\/\/www.camping-la-verdiere-83.com\/#website","url":"https:\/\/www.camping-la-verdiere-83.com\/","name":"La verdi\u00e8re 83","description":"camping verdon","potentialAction":[{"@type":"SearchAction","target":{"@type":"EntryPoint","urlTemplate":"https:\/\/www.camping-la-verdiere-83.com\/?s={search_term_string}"},"query-input":{"@type":"PropertyValueSpecification","valueRequired":true,"valueName":"search_term_string"}}],"inLanguage":"de"}]}},"_links":{"self":[{"href":"https:\/\/www.camping-la-verdiere-83.com\/de\/wp-json\/wp\/v2\/pages\/3153","targetHints":{"allow":["GET"]}}],"collection":[{"href":"https:\/\/www.camping-la-verdiere-83.com\/de\/wp-json\/wp\/v2\/pages"}],"about":[{"href":"https:\/\/www.camping-la-verdiere-83.com\/de\/wp-json\/wp\/v2\/types\/page"}],"author":[{"embeddable":true,"href":"https:\/\/www.camping-la-verdiere-83.com\/de\/wp-json\/wp\/v2\/users\/1"}],"replies":[{"embeddable":true,"href":"https:\/\/www.camping-la-verdiere-83.com\/de\/wp-json\/wp\/v2\/comments?post=3153"}],"version-history":[{"count":0,"href":"https:\/\/www.camping-la-verdiere-83.com\/de\/wp-json\/wp\/v2\/pages\/3153\/revisions"}],"wp:attachment":[{"href":"https:\/\/www.camping-la-verdiere-83.com\/de\/wp-json\/wp\/v2\/media?parent=3153"}],"curies":[{"name":"wp","href":"https:\/\/api.w.org\/{rel}","templated":true}]}}