{"id":3159,"date":"2015-02-01T19:36:50","date_gmt":"2015-02-01T18:36:50","guid":{"rendered":"https:\/\/www.camping-la-verdiere-83.com\/?page_id=3159"},"modified":"2021-01-25T08:07:12","modified_gmt":"2021-01-25T07:07:12","slug":"le-snack-bar","status":"publish","type":"page","link":"https:\/\/www.camping-la-verdiere-83.com\/de\/le-snack-bar\/","title":{"rendered":"Der Snack"},"content":{"rendered":"\n<h1 class=\"wp-block-heading\"><span style=\"color: #800080;\">Der SNACK&nbsp;<\/span><\/h1>\n\n\n\n<figure class=\"wp-block-gallery columns-3 is-cropped wp-block-gallery-1 is-layout-flex wp-block-gallery-is-layout-flex\"><ul class=\"blocks-gallery-grid\"><li class=\"blocks-gallery-item\"><figure><a href=\"https:\/\/www.camping-la-verdiere-83.com\/wp-content\/uploads\/2021\/01\/Snack-espace-gorges-verdon.jpg\"><img loading=\"lazy\" decoding=\"async\" width=\"1000\" height=\"673\" src=\"https:\/\/www.camping-la-verdiere-83.com\/wp-content\/uploads\/2021\/01\/Snack-espace-gorges-verdon.jpg\" alt=\"espace snack gorges du verdon\" data-id=\"4372\" data-full-url=\"https:\/\/www.camping-la-verdiere-83.com\/wp-content\/uploads\/2021\/01\/Snack-espace-gorges-verdon.jpg\" data-link=\"https:\/\/www.camping-la-verdiere-83.com\/de\/le-snack-bar\/snack-espace-gorges-verdon-2\/\" class=\"wp-image-4372\" srcset=\"https:\/\/www.camping-la-verdiere-83.com\/wp-content\/uploads\/2021\/01\/Snack-espace-gorges-verdon.jpg 1000w, https:\/\/www.camping-la-verdiere-83.com\/wp-content\/uploads\/2021\/01\/Snack-espace-gorges-verdon-300x202.jpg 300w, https:\/\/www.camping-la-verdiere-83.com\/wp-content\/uploads\/2021\/01\/Snack-espace-gorges-verdon-768x517.jpg 768w\" sizes=\"auto, (max-width: 1000px) 100vw, 1000px\" \/><\/a><\/figure><\/li><li class=\"blocks-gallery-item\"><figure><a href=\"https:\/\/www.camping-la-verdiere-83.com\/wp-content\/uploads\/2021\/01\/snack-bar-camping-verdon.jpg\"><img loading=\"lazy\" decoding=\"async\" width=\"1000\" height=\"750\" src=\"https:\/\/www.camping-la-verdiere-83.com\/wp-content\/uploads\/2021\/01\/snack-bar-camping-verdon.jpg\" alt=\"camping avec snack dans les gorges du Verdon\" data-id=\"4369\" data-full-url=\"https:\/\/www.camping-la-verdiere-83.com\/wp-content\/uploads\/2021\/01\/snack-bar-camping-verdon.jpg\" data-link=\"https:\/\/www.camping-la-verdiere-83.com\/de\/le-snack-bar\/kodak-digital-still-camera-2\/\" class=\"wp-image-4369\" srcset=\"https:\/\/www.camping-la-verdiere-83.com\/wp-content\/uploads\/2021\/01\/snack-bar-camping-verdon.jpg 1000w, https:\/\/www.camping-la-verdiere-83.com\/wp-content\/uploads\/2021\/01\/snack-bar-camping-verdon-300x225.jpg 300w, https:\/\/www.camping-la-verdiere-83.com\/wp-content\/uploads\/2021\/01\/snack-bar-camping-verdon-768x576.jpg 768w\" sizes=\"auto, (max-width: 1000px) 100vw, 1000px\" \/><\/a><\/figure><\/li><li class=\"blocks-gallery-item\"><figure><a href=\"https:\/\/www.camping-la-verdiere-83.com\/wp-content\/uploads\/2021\/01\/camping-verdon-snack.jpg\"><img decoding=\"async\" src=\"https:\/\/www.camping-la-verdiere-83.com\/wp-content\/uploads\/2021\/01\/camping-verdon-snack.jpg\" alt=\"snack dans le verdon\" data-id=\"4366\" data-full-url=\"https:\/\/www.camping-la-verdiere-83.com\/wp-content\/uploads\/2021\/01\/camping-verdon-snack.jpg\" data-link=\"https:\/\/www.camping-la-verdiere-83.com\/de\/le-snack-bar\/camping-verdon-snack-2-2\/\" class=\"wp-image-4366\"\/><\/a><\/figure><\/li><li class=\"blocks-gallery-item\"><figure><a href=\"https:\/\/www.camping-la-verdiere-83.com\/wp-content\/uploads\/2021\/01\/camping-verdiere-snack-bar.jpg\"><img loading=\"lazy\" decoding=\"async\" width=\"1000\" height=\"562\" src=\"https:\/\/www.camping-la-verdiere-83.com\/wp-content\/uploads\/2021\/01\/camping-verdiere-snack-bar.jpg\" alt=\"espace snack camping verdiere\" data-id=\"4363\" data-full-url=\"https:\/\/www.camping-la-verdiere-83.com\/wp-content\/uploads\/2021\/01\/camping-verdiere-snack-bar.jpg\" data-link=\"https:\/\/www.camping-la-verdiere-83.com\/de\/le-snack-bar\/camping-verdiere-snack-bar-2\/\" class=\"wp-image-4363\" srcset=\"https:\/\/www.camping-la-verdiere-83.com\/wp-content\/uploads\/2021\/01\/camping-verdiere-snack-bar.jpg 1000w, https:\/\/www.camping-la-verdiere-83.com\/wp-content\/uploads\/2021\/01\/camping-verdiere-snack-bar-300x169.jpg 300w, https:\/\/www.camping-la-verdiere-83.com\/wp-content\/uploads\/2021\/01\/camping-verdiere-snack-bar-768x432.jpg 768w\" sizes=\"auto, (max-width: 1000px) 100vw, 1000px\" \/><\/a><\/figure><\/li><li class=\"blocks-gallery-item\"><figure><a href=\"https:\/\/www.camping-la-verdiere-83.com\/wp-content\/uploads\/2021\/01\/camping-snack-verdon.jpg\"><img loading=\"lazy\" decoding=\"async\" width=\"1000\" height=\"562\" src=\"https:\/\/www.camping-la-verdiere-83.com\/wp-content\/uploads\/2021\/01\/camping-snack-verdon.jpg\" alt=\"camping dans le Verdon avec snack-bar\" data-id=\"4360\" data-full-url=\"https:\/\/www.camping-la-verdiere-83.com\/wp-content\/uploads\/2021\/01\/camping-snack-verdon.jpg\" data-link=\"https:\/\/www.camping-la-verdiere-83.com\/de\/le-snack-bar\/camping-snack-verdon-2\/\" class=\"wp-image-4360\" srcset=\"https:\/\/www.camping-la-verdiere-83.com\/wp-content\/uploads\/2021\/01\/camping-snack-verdon.jpg 1000w, https:\/\/www.camping-la-verdiere-83.com\/wp-content\/uploads\/2021\/01\/camping-snack-verdon-300x169.jpg 300w, https:\/\/www.camping-la-verdiere-83.com\/wp-content\/uploads\/2021\/01\/camping-snack-verdon-768x432.jpg 768w\" sizes=\"auto, (max-width: 1000px) 100vw, 1000px\" \/><\/a><\/figure><\/li><\/ul><\/figure>\n\n\n\n<p>Die Snackbar des <span style=\"color: #0000ff;\">&#8222;Campingplatzes Verdiere&#8220;<\/span><\/p>\n\n\n\n<p>begr\u00fc\u00dft Sie ab 11:30 Uhr, um Sie zu regenerieren und Ihren Durst am Pool zu stillen.<\/p>\n\n\n\n<p>Mahlzeiten vor Ort oder zum Mitnehmen, Eiscreme, Getr\u00e4nke, S\u00fc\u00dfigkeiten in freundlicher und famili\u00e4rer Atmosph\u00e4re.<\/p>\n\n\n\n<p>Abende werden w\u00e4hrend Ihres Aufenthaltes angeboten.<\/p>\n\n\n\n<p>Die Imbisskarte<\/p>\n\n\n\n<p>Hier finden Sie eine \u00dcbersicht \u00fcber das Angebot des Camping-Imbisses.<\/p>\n\n\n\n<h2 class=\"wp-block-heading\"><span style=\"color: #800080;\">Der Snack&#8230; um Spa\u00df zu haben!<br><\/span><\/h2>\n\n\n\n<p>Hamburgers, paninis, kebabs, oder Steaks, Merguez und Andouillettes, Pommes frites, Saladen auch&#8230;Jeder kann den Snack des Campingplatzes genie\u00dfen!<\/p>\n\n\n\n<p>Und die Stars des Sommers sind nat\u00fcrlich da: Pfannkuchen, Waffeln, Nutella Paninis, Eis, S\u00fc\u00dfigkeiten&#8230; Wir erwarten Sie f\u00fcr einen Gourmet-Sommer im Camping-Snack!<\/p>\n","protected":false},"excerpt":{"rendered":"<p>Der SNACK&nbsp; Die Snackbar des &#8222;Campingplatzes Verdiere&#8220; begr\u00fc\u00dft Sie ab 11:30 Uhr, um Sie zu regenerieren und Ihren Durst am Pool zu stillen. Mahlzeiten vor Ort oder zum Mitnehmen, Eiscreme, Getr\u00e4nke, S\u00fc\u00dfigkeiten in freundlicher und famili\u00e4rer Atmosph\u00e4re. Abende werden w\u00e4hrend Ihres Aufenthaltes angeboten. Die Imbisskarte Hier finden Sie eine \u00dcbersicht \u00fcber das Angebot des Camping-Imbisses. [&hellip;]<\/p>\n","protected":false},"author":1,"featured_media":0,"parent":0,"menu_order":0,"comment_status":"open","ping_status":"open","template":"","meta":{"footnotes":""},"class_list":["post-3159","page","type-page","status-publish","hentry"],"yoast_head":"<!-- This site is optimized with the Yoast SEO plugin v26.8 - https:\/\/yoast.com\/product\/yoast-seo-wordpress\/ -->\n<title>snack gorges du verdon | La verdi\u00e8re<\/title>\n<meta name=\"robots\" content=\"index, follow, max-snippet:-1, max-image-preview:large, max-video-preview:-1\" \/>\n<link rel=\"canonical\" href=\"https:\/\/www.camping-la-verdiere-83.com\/de\/le-snack-bar\/\" \/>\n<meta property=\"og:locale\" content=\"de_DE\" \/>\n<meta property=\"og:type\" content=\"article\" \/>\n<meta property=\"og:title\" content=\"snack gorges du verdon | La verdi\u00e8re\" \/>\n<meta property=\"og:description\" content=\"Der SNACK&nbsp; Die Snackbar des &#8222;Campingplatzes Verdiere&#8220; begr\u00fc\u00dft Sie ab 11:30 Uhr, um Sie zu regenerieren und Ihren Durst am Pool zu stillen. Mahlzeiten vor Ort oder zum Mitnehmen, Eiscreme, Getr\u00e4nke, S\u00fc\u00dfigkeiten in freundlicher und famili\u00e4rer Atmosph\u00e4re. Abende werden w\u00e4hrend Ihres Aufenthaltes angeboten. Die Imbisskarte Hier finden Sie eine \u00dcbersicht \u00fcber das Angebot des Camping-Imbisses. [&hellip;]\" \/>\n<meta property=\"og:url\" content=\"https:\/\/www.camping-la-verdiere-83.com\/de\/le-snack-bar\/\" \/>\n<meta property=\"og:site_name\" content=\"La verdi\u00e8re 83\" \/>\n<meta property=\"article:modified_time\" content=\"2021-01-25T07:07:12+00:00\" \/>\n<meta property=\"og:image\" content=\"https:\/\/www.camping-la-verdiere-83.com\/wp-content\/uploads\/2021\/01\/Snack-espace-gorges-verdon.jpg\" \/>\n<meta name=\"twitter:label1\" content=\"Gesch\u00e4tzte Lesezeit\" \/>\n\t<meta name=\"twitter:data1\" content=\"2\u00a0Minuten\" \/>\n<script type=\"application\/ld+json\" class=\"yoast-schema-graph\">{\"@context\":\"https:\/\/schema.org\",\"@graph\":[{\"@type\":\"WebPage\",\"@id\":\"https:\/\/www.camping-la-verdiere-83.com\/de\/le-snack-bar\/\",\"url\":\"https:\/\/www.camping-la-verdiere-83.com\/de\/le-snack-bar\/\",\"name\":\"snack gorges du verdon | La verdi\u00e8re\",\"isPartOf\":{\"@id\":\"https:\/\/www.camping-la-verdiere-83.com\/#website\"},\"primaryImageOfPage\":{\"@id\":\"https:\/\/www.camping-la-verdiere-83.com\/de\/le-snack-bar\/#primaryimage\"},\"image\":{\"@id\":\"https:\/\/www.camping-la-verdiere-83.com\/de\/le-snack-bar\/#primaryimage\"},\"thumbnailUrl\":\"https:\/\/www.camping-la-verdiere-83.com\/wp-content\/uploads\/2021\/01\/Snack-espace-gorges-verdon.jpg\",\"datePublished\":\"2015-02-01T18:36:50+00:00\",\"dateModified\":\"2021-01-25T07:07:12+00:00\",\"breadcrumb\":{\"@id\":\"https:\/\/www.camping-la-verdiere-83.com\/de\/le-snack-bar\/#breadcrumb\"},\"inLanguage\":\"de\",\"potentialAction\":[{\"@type\":\"ReadAction\",\"target\":[\"https:\/\/www.camping-la-verdiere-83.com\/de\/le-snack-bar\/\"]}]},{\"@type\":\"ImageObject\",\"inLanguage\":\"de\",\"@id\":\"https:\/\/www.camping-la-verdiere-83.com\/de\/le-snack-bar\/#primaryimage\",\"url\":\"https:\/\/www.camping-la-verdiere-83.com\/wp-content\/uploads\/2021\/01\/Snack-espace-gorges-verdon.jpg\",\"contentUrl\":\"https:\/\/www.camping-la-verdiere-83.com\/wp-content\/uploads\/2021\/01\/Snack-espace-gorges-verdon.jpg\"},{\"@type\":\"BreadcrumbList\",\"@id\":\"https:\/\/www.camping-la-verdiere-83.com\/de\/le-snack-bar\/#breadcrumb\",\"itemListElement\":[{\"@type\":\"ListItem\",\"position\":1,\"name\":\"Accueil\",\"item\":\"https:\/\/www.camping-la-verdiere-83.com\/de\/\"},{\"@type\":\"ListItem\",\"position\":2,\"name\":\"Der Snack\"}]},{\"@type\":\"WebSite\",\"@id\":\"https:\/\/www.camping-la-verdiere-83.com\/#website\",\"url\":\"https:\/\/www.camping-la-verdiere-83.com\/\",\"name\":\"La verdi\u00e8re 83\",\"description\":\"camping verdon\",\"potentialAction\":[{\"@type\":\"SearchAction\",\"target\":{\"@type\":\"EntryPoint\",\"urlTemplate\":\"https:\/\/www.camping-la-verdiere-83.com\/?s={search_term_string}\"},\"query-input\":{\"@type\":\"PropertyValueSpecification\",\"valueRequired\":true,\"valueName\":\"search_term_string\"}}],\"inLanguage\":\"de\"}]}<\/script>\n<!-- \/ Yoast SEO plugin. -->","yoast_head_json":{"title":"snack gorges du verdon | La verdi\u00e8re","robots":{"index":"index","follow":"follow","max-snippet":"max-snippet:-1","max-image-preview":"max-image-preview:large","max-video-preview":"max-video-preview:-1"},"canonical":"https:\/\/www.camping-la-verdiere-83.com\/de\/le-snack-bar\/","og_locale":"de_DE","og_type":"article","og_title":"snack gorges du verdon | La verdi\u00e8re","og_description":"Der SNACK&nbsp; Die Snackbar des &#8222;Campingplatzes Verdiere&#8220; begr\u00fc\u00dft Sie ab 11:30 Uhr, um Sie zu regenerieren und Ihren Durst am Pool zu stillen. Mahlzeiten vor Ort oder zum Mitnehmen, Eiscreme, Getr\u00e4nke, S\u00fc\u00dfigkeiten in freundlicher und famili\u00e4rer Atmosph\u00e4re. Abende werden w\u00e4hrend Ihres Aufenthaltes angeboten. Die Imbisskarte Hier finden Sie eine \u00dcbersicht \u00fcber das Angebot des Camping-Imbisses. [&hellip;]","og_url":"https:\/\/www.camping-la-verdiere-83.com\/de\/le-snack-bar\/","og_site_name":"La verdi\u00e8re 83","article_modified_time":"2021-01-25T07:07:12+00:00","og_image":[{"url":"https:\/\/www.camping-la-verdiere-83.com\/wp-content\/uploads\/2021\/01\/Snack-espace-gorges-verdon.jpg","type":"","width":"","height":""}],"twitter_misc":{"Gesch\u00e4tzte Lesezeit":"2\u00a0Minuten"},"schema":{"@context":"https:\/\/schema.org","@graph":[{"@type":"WebPage","@id":"https:\/\/www.camping-la-verdiere-83.com\/de\/le-snack-bar\/","url":"https:\/\/www.camping-la-verdiere-83.com\/de\/le-snack-bar\/","name":"snack gorges du verdon | La verdi\u00e8re","isPartOf":{"@id":"https:\/\/www.camping-la-verdiere-83.com\/#website"},"primaryImageOfPage":{"@id":"https:\/\/www.camping-la-verdiere-83.com\/de\/le-snack-bar\/#primaryimage"},"image":{"@id":"https:\/\/www.camping-la-verdiere-83.com\/de\/le-snack-bar\/#primaryimage"},"thumbnailUrl":"https:\/\/www.camping-la-verdiere-83.com\/wp-content\/uploads\/2021\/01\/Snack-espace-gorges-verdon.jpg","datePublished":"2015-02-01T18:36:50+00:00","dateModified":"2021-01-25T07:07:12+00:00","breadcrumb":{"@id":"https:\/\/www.camping-la-verdiere-83.com\/de\/le-snack-bar\/#breadcrumb"},"inLanguage":"de","potentialAction":[{"@type":"ReadAction","target":["https:\/\/www.camping-la-verdiere-83.com\/de\/le-snack-bar\/"]}]},{"@type":"ImageObject","inLanguage":"de","@id":"https:\/\/www.camping-la-verdiere-83.com\/de\/le-snack-bar\/#primaryimage","url":"https:\/\/www.camping-la-verdiere-83.com\/wp-content\/uploads\/2021\/01\/Snack-espace-gorges-verdon.jpg","contentUrl":"https:\/\/www.camping-la-verdiere-83.com\/wp-content\/uploads\/2021\/01\/Snack-espace-gorges-verdon.jpg"},{"@type":"BreadcrumbList","@id":"https:\/\/www.camping-la-verdiere-83.com\/de\/le-snack-bar\/#breadcrumb","itemListElement":[{"@type":"ListItem","position":1,"name":"Accueil","item":"https:\/\/www.camping-la-verdiere-83.com\/de\/"},{"@type":"ListItem","position":2,"name":"Der Snack"}]},{"@type":"WebSite","@id":"https:\/\/www.camping-la-verdiere-83.com\/#website","url":"https:\/\/www.camping-la-verdiere-83.com\/","name":"La verdi\u00e8re 83","description":"camping verdon","potentialAction":[{"@type":"SearchAction","target":{"@type":"EntryPoint","urlTemplate":"https:\/\/www.camping-la-verdiere-83.com\/?s={search_term_string}"},"query-input":{"@type":"PropertyValueSpecification","valueRequired":true,"valueName":"search_term_string"}}],"inLanguage":"de"}]}},"_links":{"self":[{"href":"https:\/\/www.camping-la-verdiere-83.com\/de\/wp-json\/wp\/v2\/pages\/3159","targetHints":{"allow":["GET"]}}],"collection":[{"href":"https:\/\/www.camping-la-verdiere-83.com\/de\/wp-json\/wp\/v2\/pages"}],"about":[{"href":"https:\/\/www.camping-la-verdiere-83.com\/de\/wp-json\/wp\/v2\/types\/page"}],"author":[{"embeddable":true,"href":"https:\/\/www.camping-la-verdiere-83.com\/de\/wp-json\/wp\/v2\/users\/1"}],"replies":[{"embeddable":true,"href":"https:\/\/www.camping-la-verdiere-83.com\/de\/wp-json\/wp\/v2\/comments?post=3159"}],"version-history":[{"count":0,"href":"https:\/\/www.camping-la-verdiere-83.com\/de\/wp-json\/wp\/v2\/pages\/3159\/revisions"}],"wp:attachment":[{"href":"https:\/\/www.camping-la-verdiere-83.com\/de\/wp-json\/wp\/v2\/media?parent=3159"}],"curies":[{"name":"wp","href":"https:\/\/api.w.org\/{rel}","templated":true}]}}