{"id":4335,"date":"2021-01-23T18:32:05","date_gmt":"2021-01-23T17:32:05","guid":{"rendered":"https:\/\/www.camping-la-verdiere-83.com\/?page_id=4335"},"modified":"2022-11-07T18:48:57","modified_gmt":"2022-11-07T17:48:57","slug":"assurance-annulation","status":"publish","type":"page","link":"https:\/\/www.camping-la-verdiere-83.com\/de\/assurance-annulation\/","title":{"rendered":"Assurance annulation"},"content":{"rendered":"<h1 id=\"tw-target-text\" class=\"tw-data-text tw-text-large XcVN5d tw-ta\" dir=\"ltr\" data-placeholder=\"Traduction\"><span class=\"Y2IQFc\" lang=\"de\" style=\"color: #008000;\">100% Ihrer Anzahlung werden zur\u00fcckerstattet<\/span><\/h1>\n<p class=\"tw-data-text tw-text-large XcVN5d tw-ta\" dir=\"ltr\" data-placeholder=\"Traduction\"><span class=\"Y2IQFc\" lang=\"de\">F\u00fcr den Fall, dass eine Verwaltungsentscheidung (weltweit, national oder lokal) die Realisierung Ihres Aufenthaltes verhindern sollte! <\/span><\/p>\n<p class=\"tw-data-text tw-text-large XcVN5d tw-ta\" dir=\"ltr\" data-placeholder=\"Traduction\"><span class=\"Y2IQFc\" lang=\"de\">Beispiele: Wenn Ihre Region von einer Reisebeschr\u00e4nkung betroffen ist oder unsere Region der Schlie\u00dfung von \u00f6ffentlich zug\u00e4nglichen Einrichtungen (wie unserem Campingplatz) oder sogar der allgemeinen Beschr\u00e4nkung unterliegt &#8230;<\/span><\/p>\n<p class=\"tw-data-text tw-text-large XcVN5d tw-ta\" dir=\"ltr\" data-placeholder=\"Traduction\"><span class=\"Y2IQFc\" lang=\"de\"><strong>Dies sind Situationen, die wir \u00fcberhaupt nicht mehr erleben wollen, aber die Erfahrung hat dazu gef\u00fchrt, dass wir weitsichtiger geworden sind und mehr Flexibilit\u00e4t f\u00fcr weniger Stress bieten! <\/strong><\/span><\/p>\n<p class=\"tw-data-text tw-text-large XcVN5d tw-ta\" dir=\"ltr\" data-placeholder=\"Traduction\"><span class=\"Y2IQFc\" lang=\"de\">Wir verpflichten uns daher, alle Risiken zu decken, die mit einer Verwaltungsentscheidung verbunden sind, die Ihren Aufenthalt verbietet.<\/span><\/p>\n<p dir=\"ltr\" data-placeholder=\"Traduction\"><a href=\"https:\/\/www.camping-la-verdiere-83.com\/wp-content\/uploads\/2021\/04\/Image-vacances-ZEN.jpg\"><img loading=\"lazy\" decoding=\"async\" class=\"alignnone size-full wp-image-4603\" src=\"https:\/\/www.camping-la-verdiere-83.com\/wp-content\/uploads\/2021\/04\/Image-vacances-ZEN.jpg\" alt=\"\" width=\"1280\" height=\"853\" srcset=\"https:\/\/www.camping-la-verdiere-83.com\/wp-content\/uploads\/2021\/04\/Image-vacances-ZEN.jpg 1280w, https:\/\/www.camping-la-verdiere-83.com\/wp-content\/uploads\/2021\/04\/Image-vacances-ZEN-300x200.jpg 300w, https:\/\/www.camping-la-verdiere-83.com\/wp-content\/uploads\/2021\/04\/Image-vacances-ZEN-1024x682.jpg 1024w, https:\/\/www.camping-la-verdiere-83.com\/wp-content\/uploads\/2021\/04\/Image-vacances-ZEN-768x512.jpg 768w\" sizes=\"auto, (max-width: 1280px) 100vw, 1280px\" \/><\/a><\/p>\n<p class=\"tw-data-text tw-text-large XcVN5d tw-ta\" dir=\"ltr\" data-placeholder=\"Traduction\"><span class=\"Y2IQFc\" lang=\"de\">Im \u00dcbrigen empfehlen wir unseren Campern, eine Stornierungs- \/ Unterbrechungsversicherung \u00fcber unseren Partner abzuschlie\u00dfen, der auf die Versicherung von Unterk\u00fcnften im Freien, die &#8222;campez cover&#8220; Company, spezialisiert ist.<\/span><\/p>\n<p id=\"tw-target-text\" class=\"tw-data-text tw-text-large XcVN5d tw-ta\" dir=\"ltr\" data-placeholder=\"Traduction\"><span class=\"Y2IQFc\" lang=\"de\">F\u00fcr Kosten von 3,5% des Betrags Ihres Aufenthalts profitieren Sie von der Deckung im Zusammenhang mit allt\u00e4glichen Unf\u00e4llen wie Krankheit, Unf\u00e4llen (einschlie\u00dflich einer Verl\u00e4ngerung von Covid 19) &#8230;, die verhindern w\u00fcrden, dass Ihr Aufenthalt gehalten wird. <\/span><\/p>\n<h1 class=\"tw-data-text tw-text-large XcVN5d tw-ta\" dir=\"ltr\" style=\"text-align: center;\" data-placeholder=\"Traduction\"><span class=\"Y2IQFc\" lang=\"de\" style=\"color: #008000;\">Stornoversicherung CAMPEZ COUVERT-Garantie COVID 19<\/span><\/h1>\n<p class=\"tw-data-text tw-text-large XcVN5d tw-ta\" dir=\"ltr\" data-placeholder=\"Traduction\"><span class=\"Y2IQFc\" lang=\"de\">Wenn Sie Ihren Aufenthalt auf dem Campingplatz einige Monate oder einige Wochen im Voraus buchen, wird dringend empfohlen, eine Stornierungs- und Unterbrechungsversicherung abzuschlie\u00dfen.<\/span><\/p>\n<p id=\"tw-target-text\" class=\"tw-data-text tw-text-large XcVN5d tw-ta\" dir=\"ltr\" data-placeholder=\"Traduction\"><span class=\"Y2IQFc\" lang=\"de\">Diese Versicherung ist optional, aber das Leben h\u00e4lt \u00dcberraschungen f\u00fcr uns bereit, die oft gut, manchmal weniger angenehm sind. Aus diesem Grund haben wir eine Partnerschaft mit einer Versicherungsgesellschaft geschlossen, die sich auf die Stornierung von Aufenthalten in Outdoor-Hotels spezialisiert hat. <\/span><\/p>\n<p class=\"tw-data-text tw-text-large XcVN5d tw-ta\" dir=\"ltr\" data-placeholder=\"Traduction\"><strong><span class=\"Y2IQFc\" lang=\"de\">Nur Kunden, die zum Zeitpunkt der Buchung eine Stornoversicherung bei CAMPEZ COUVERT abgeschlossen haben, k\u00f6nnen eine R\u00fcckerstattung unter den vom Unternehmen festgelegten Bedingungen beantragen.<\/span><\/strong><\/p>\n<p dir=\"ltr\" data-placeholder=\"Traduction\">\n<h1 class=\"tw-data-text tw-text-large XcVN5d tw-ta\" dir=\"ltr\" style=\"text-align: center;\" data-placeholder=\"Traduction\"><span style=\"color: #008000;\"><strong><span class=\"Y2IQFc\" lang=\"de\">Buchen Sie mit Zuversicht<\/span><\/strong><\/span><\/h1>\n<p id=\"tw-target-text\" class=\"tw-data-text tw-text-large XcVN5d tw-ta\" dir=\"ltr\" data-placeholder=\"Traduction\"><span class=\"Y2IQFc\" lang=\"de\">Um die Unw\u00e4gbarkeiten des Lebens vorwegzunehmen, empfehlen wir Ihnen, eine Stornoversicherung &#8222;CAMPEZ COUVERT Stornierung und Unterbrechung des Aufenthalts&#8220; abzuschlie\u00dfen. Sie k\u00f6nnen diese Garantie bei der Online-Buchung Ihres Aufenthalts abschlie\u00dfen. Sie m\u00fcssen sie nur bei Ihrer Reservierung angeben.<\/span><\/p>\n<p><strong>&#8222;Campez Couvert &#8222;verpflichtet sich, den gesamten oder einen Teil des Aufenthalts, der nur Kunden vorbehalten ist, die eine Campez Couvert-Versicherung abgeschlossen haben, im Falle eines gedeckten Anspruchs zu erstatten.<\/strong><\/p>\n<pre id=\"tw-target-text\" class=\"tw-data-text tw-text-large XcVN5d tw-ta\" dir=\"ltr\" data-placeholder=\"Traduction\"><a href=\"https:\/\/www.camping-la-verdiere-83.com\/wp-content\/uploads\/2021\/04\/Capture-flyer-campez-couvert-all.png\"><img loading=\"lazy\" decoding=\"async\" class=\"size-full wp-image-4608 aligncenter\" src=\"https:\/\/www.camping-la-verdiere-83.com\/wp-content\/uploads\/2021\/04\/Capture-flyer-campez-couvert-all.png\" alt=\"\" width=\"528\" height=\"750\" srcset=\"https:\/\/www.camping-la-verdiere-83.com\/wp-content\/uploads\/2021\/04\/Capture-flyer-campez-couvert-all.png 528w, https:\/\/www.camping-la-verdiere-83.com\/wp-content\/uploads\/2021\/04\/Capture-flyer-campez-couvert-all-211x300.png 211w\" sizes=\"auto, (max-width: 528px) 100vw, 528px\" \/><\/a><\/pre>\n<p style=\"text-align: center;\">\n<pre id=\"tw-target-text\" class=\"tw-data-text tw-text-large XcVN5d tw-ta\" dir=\"ltr\" data-placeholder=\"Traduction\"><span class=\"Y2IQFc\" lang=\"de\"><a href=\"https:\/\/gap.gritchen.fr\/partenaire\/produits\/__commun\/client-ipid-cga.php?lang=de&amp;contrat=client_produit_garantie-46fa58ccfee165f719997db6d5cbd944-25599\">Laden Sie die vollst\u00e4ndigen Stornierungsbedingungen und Garantien herunter<\/a>\n<\/span><\/pre>\n<p>Service sinistre<\/p>\n<p>27 RUE Charles Durand<\/p>\n<p>18024 Bourges Cedex<br \/>\nL&#8217;assurance annulation et interruption de s\u00e9jour rembourse tout ou partie des sommes vers\u00e9es avant l&#8217;arriv\u00e9e et tout ou partie du montant du s\u00e9jour non utilis\u00e9 au prorata temporis en cas d&#8217;arriv\u00e9e retard\u00e9e ou de retour pr\u00e9matur\u00e9.<\/p>\n","protected":false},"excerpt":{"rendered":"<p>100% Ihrer Anzahlung werden zur\u00fcckerstattet F\u00fcr den Fall, dass eine Verwaltungsentscheidung (weltweit, national oder lokal) die Realisierung Ihres Aufenthaltes verhindern sollte! Beispiele: Wenn Ihre Region von einer Reisebeschr\u00e4nkung betroffen ist oder unsere Region der Schlie\u00dfung von \u00f6ffentlich zug\u00e4nglichen Einrichtungen (wie unserem Campingplatz) oder sogar der allgemeinen Beschr\u00e4nkung unterliegt &#8230; Dies sind Situationen, die wir \u00fcberhaupt [&hellip;]<\/p>\n","protected":false},"author":6,"featured_media":0,"parent":0,"menu_order":0,"comment_status":"open","ping_status":"open","template":"","meta":{"footnotes":""},"class_list":["post-4335","page","type-page","status-publish","hentry"],"yoast_head":"<!-- This site is optimized with the Yoast SEO plugin v26.8 - https:\/\/yoast.com\/product\/yoast-seo-wordpress\/ -->\n<title>Assurance annulation - La verdi\u00e8re 83<\/title>\n<meta name=\"robots\" content=\"index, follow, max-snippet:-1, max-image-preview:large, max-video-preview:-1\" \/>\n<link rel=\"canonical\" href=\"https:\/\/www.camping-la-verdiere-83.com\/de\/assurance-annulation\/\" \/>\n<meta property=\"og:locale\" content=\"de_DE\" \/>\n<meta property=\"og:type\" content=\"article\" \/>\n<meta property=\"og:title\" content=\"Assurance annulation - La verdi\u00e8re 83\" \/>\n<meta property=\"og:description\" content=\"100% Ihrer Anzahlung werden zur\u00fcckerstattet F\u00fcr den Fall, dass eine Verwaltungsentscheidung (weltweit, national oder lokal) die Realisierung Ihres Aufenthaltes verhindern sollte! Beispiele: Wenn Ihre Region von einer Reisebeschr\u00e4nkung betroffen ist oder unsere Region der Schlie\u00dfung von \u00f6ffentlich zug\u00e4nglichen Einrichtungen (wie unserem Campingplatz) oder sogar der allgemeinen Beschr\u00e4nkung unterliegt &#8230; Dies sind Situationen, die wir \u00fcberhaupt [&hellip;]\" \/>\n<meta property=\"og:url\" content=\"https:\/\/www.camping-la-verdiere-83.com\/de\/assurance-annulation\/\" \/>\n<meta property=\"og:site_name\" content=\"La verdi\u00e8re 83\" \/>\n<meta property=\"article:modified_time\" content=\"2022-11-07T17:48:57+00:00\" \/>\n<meta property=\"og:image\" content=\"https:\/\/www.camping-la-verdiere-83.com\/wp-content\/uploads\/2021\/04\/Image-vacances-ZEN.jpg\" \/>\n<meta name=\"twitter:label1\" content=\"Gesch\u00e4tzte Lesezeit\" \/>\n\t<meta name=\"twitter:data1\" content=\"3\u00a0Minuten\" \/>\n<script type=\"application\/ld+json\" class=\"yoast-schema-graph\">{\"@context\":\"https:\/\/schema.org\",\"@graph\":[{\"@type\":\"WebPage\",\"@id\":\"https:\/\/www.camping-la-verdiere-83.com\/de\/assurance-annulation\/\",\"url\":\"https:\/\/www.camping-la-verdiere-83.com\/de\/assurance-annulation\/\",\"name\":\"Assurance annulation - La verdi\u00e8re 83\",\"isPartOf\":{\"@id\":\"https:\/\/www.camping-la-verdiere-83.com\/#website\"},\"primaryImageOfPage\":{\"@id\":\"https:\/\/www.camping-la-verdiere-83.com\/de\/assurance-annulation\/#primaryimage\"},\"image\":{\"@id\":\"https:\/\/www.camping-la-verdiere-83.com\/de\/assurance-annulation\/#primaryimage\"},\"thumbnailUrl\":\"https:\/\/www.camping-la-verdiere-83.com\/wp-content\/uploads\/2021\/04\/Image-vacances-ZEN.jpg\",\"datePublished\":\"2021-01-23T17:32:05+00:00\",\"dateModified\":\"2022-11-07T17:48:57+00:00\",\"breadcrumb\":{\"@id\":\"https:\/\/www.camping-la-verdiere-83.com\/de\/assurance-annulation\/#breadcrumb\"},\"inLanguage\":\"de\",\"potentialAction\":[{\"@type\":\"ReadAction\",\"target\":[\"https:\/\/www.camping-la-verdiere-83.com\/de\/assurance-annulation\/\"]}]},{\"@type\":\"ImageObject\",\"inLanguage\":\"de\",\"@id\":\"https:\/\/www.camping-la-verdiere-83.com\/de\/assurance-annulation\/#primaryimage\",\"url\":\"https:\/\/www.camping-la-verdiere-83.com\/wp-content\/uploads\/2021\/04\/Image-vacances-ZEN.jpg\",\"contentUrl\":\"https:\/\/www.camping-la-verdiere-83.com\/wp-content\/uploads\/2021\/04\/Image-vacances-ZEN.jpg\"},{\"@type\":\"BreadcrumbList\",\"@id\":\"https:\/\/www.camping-la-verdiere-83.com\/de\/assurance-annulation\/#breadcrumb\",\"itemListElement\":[{\"@type\":\"ListItem\",\"position\":1,\"name\":\"Accueil\",\"item\":\"https:\/\/www.camping-la-verdiere-83.com\/de\/\"},{\"@type\":\"ListItem\",\"position\":2,\"name\":\"Assurance annulation\"}]},{\"@type\":\"WebSite\",\"@id\":\"https:\/\/www.camping-la-verdiere-83.com\/#website\",\"url\":\"https:\/\/www.camping-la-verdiere-83.com\/\",\"name\":\"La verdi\u00e8re 83\",\"description\":\"camping verdon\",\"potentialAction\":[{\"@type\":\"SearchAction\",\"target\":{\"@type\":\"EntryPoint\",\"urlTemplate\":\"https:\/\/www.camping-la-verdiere-83.com\/?s={search_term_string}\"},\"query-input\":{\"@type\":\"PropertyValueSpecification\",\"valueRequired\":true,\"valueName\":\"search_term_string\"}}],\"inLanguage\":\"de\"}]}<\/script>\n<!-- \/ Yoast SEO plugin. -->","yoast_head_json":{"title":"Assurance annulation - La verdi\u00e8re 83","robots":{"index":"index","follow":"follow","max-snippet":"max-snippet:-1","max-image-preview":"max-image-preview:large","max-video-preview":"max-video-preview:-1"},"canonical":"https:\/\/www.camping-la-verdiere-83.com\/de\/assurance-annulation\/","og_locale":"de_DE","og_type":"article","og_title":"Assurance annulation - La verdi\u00e8re 83","og_description":"100% Ihrer Anzahlung werden zur\u00fcckerstattet F\u00fcr den Fall, dass eine Verwaltungsentscheidung (weltweit, national oder lokal) die Realisierung Ihres Aufenthaltes verhindern sollte! Beispiele: Wenn Ihre Region von einer Reisebeschr\u00e4nkung betroffen ist oder unsere Region der Schlie\u00dfung von \u00f6ffentlich zug\u00e4nglichen Einrichtungen (wie unserem Campingplatz) oder sogar der allgemeinen Beschr\u00e4nkung unterliegt &#8230; Dies sind Situationen, die wir \u00fcberhaupt [&hellip;]","og_url":"https:\/\/www.camping-la-verdiere-83.com\/de\/assurance-annulation\/","og_site_name":"La verdi\u00e8re 83","article_modified_time":"2022-11-07T17:48:57+00:00","og_image":[{"url":"https:\/\/www.camping-la-verdiere-83.com\/wp-content\/uploads\/2021\/04\/Image-vacances-ZEN.jpg","type":"","width":"","height":""}],"twitter_misc":{"Gesch\u00e4tzte Lesezeit":"3\u00a0Minuten"},"schema":{"@context":"https:\/\/schema.org","@graph":[{"@type":"WebPage","@id":"https:\/\/www.camping-la-verdiere-83.com\/de\/assurance-annulation\/","url":"https:\/\/www.camping-la-verdiere-83.com\/de\/assurance-annulation\/","name":"Assurance annulation - La verdi\u00e8re 83","isPartOf":{"@id":"https:\/\/www.camping-la-verdiere-83.com\/#website"},"primaryImageOfPage":{"@id":"https:\/\/www.camping-la-verdiere-83.com\/de\/assurance-annulation\/#primaryimage"},"image":{"@id":"https:\/\/www.camping-la-verdiere-83.com\/de\/assurance-annulation\/#primaryimage"},"thumbnailUrl":"https:\/\/www.camping-la-verdiere-83.com\/wp-content\/uploads\/2021\/04\/Image-vacances-ZEN.jpg","datePublished":"2021-01-23T17:32:05+00:00","dateModified":"2022-11-07T17:48:57+00:00","breadcrumb":{"@id":"https:\/\/www.camping-la-verdiere-83.com\/de\/assurance-annulation\/#breadcrumb"},"inLanguage":"de","potentialAction":[{"@type":"ReadAction","target":["https:\/\/www.camping-la-verdiere-83.com\/de\/assurance-annulation\/"]}]},{"@type":"ImageObject","inLanguage":"de","@id":"https:\/\/www.camping-la-verdiere-83.com\/de\/assurance-annulation\/#primaryimage","url":"https:\/\/www.camping-la-verdiere-83.com\/wp-content\/uploads\/2021\/04\/Image-vacances-ZEN.jpg","contentUrl":"https:\/\/www.camping-la-verdiere-83.com\/wp-content\/uploads\/2021\/04\/Image-vacances-ZEN.jpg"},{"@type":"BreadcrumbList","@id":"https:\/\/www.camping-la-verdiere-83.com\/de\/assurance-annulation\/#breadcrumb","itemListElement":[{"@type":"ListItem","position":1,"name":"Accueil","item":"https:\/\/www.camping-la-verdiere-83.com\/de\/"},{"@type":"ListItem","position":2,"name":"Assurance annulation"}]},{"@type":"WebSite","@id":"https:\/\/www.camping-la-verdiere-83.com\/#website","url":"https:\/\/www.camping-la-verdiere-83.com\/","name":"La verdi\u00e8re 83","description":"camping verdon","potentialAction":[{"@type":"SearchAction","target":{"@type":"EntryPoint","urlTemplate":"https:\/\/www.camping-la-verdiere-83.com\/?s={search_term_string}"},"query-input":{"@type":"PropertyValueSpecification","valueRequired":true,"valueName":"search_term_string"}}],"inLanguage":"de"}]}},"_links":{"self":[{"href":"https:\/\/www.camping-la-verdiere-83.com\/de\/wp-json\/wp\/v2\/pages\/4335","targetHints":{"allow":["GET"]}}],"collection":[{"href":"https:\/\/www.camping-la-verdiere-83.com\/de\/wp-json\/wp\/v2\/pages"}],"about":[{"href":"https:\/\/www.camping-la-verdiere-83.com\/de\/wp-json\/wp\/v2\/types\/page"}],"author":[{"embeddable":true,"href":"https:\/\/www.camping-la-verdiere-83.com\/de\/wp-json\/wp\/v2\/users\/6"}],"replies":[{"embeddable":true,"href":"https:\/\/www.camping-la-verdiere-83.com\/de\/wp-json\/wp\/v2\/comments?post=4335"}],"version-history":[{"count":0,"href":"https:\/\/www.camping-la-verdiere-83.com\/de\/wp-json\/wp\/v2\/pages\/4335\/revisions"}],"wp:attachment":[{"href":"https:\/\/www.camping-la-verdiere-83.com\/de\/wp-json\/wp\/v2\/media?parent=4335"}],"curies":[{"name":"wp","href":"https:\/\/api.w.org\/{rel}","templated":true}]}}