{"id":5952,"date":"2023-01-07T14:33:09","date_gmt":"2023-01-07T13:33:09","guid":{"rendered":"https:\/\/www.camping-la-verdiere-83.com\/gamme-confort\/"},"modified":"2023-05-01T17:30:29","modified_gmt":"2023-05-01T15:30:29","slug":"gamme-confort","status":"publish","type":"page","link":"https:\/\/www.camping-la-verdiere-83.com\/de\/gamme-confort\/","title":{"rendered":"Gamme CONFORT"},"content":{"rendered":"\n<h1 class=\"wp-block-heading\">Mobilheimvermietung Confort-Sortiment in Verdon<\/h1>\n\n\n\n<p class=\"has-text-align-left\">Buchen Sie ein Mobilheim der Confort-Reihe in der N\u00e4he der <a href=\"https:\/\/www.camping-la-verdiere-83.com\/de\/Tourisme\/die-schluchten-des-verdon\/\">Gorges du Verdon<\/a>. Privater Garten, privater Parkplatz in unmittelbarer N\u00e4he des Mobilheims, Gartenm\u00f6bel, 2 Liegest\u00fchle, ausgestattete K\u00fcche, alle notwendigen Ger\u00e4te, Mikrowelle, Familienk\u00fchlschrank mit Gefrierfach, Toaster &#8230; elektrischer Wasserkocher, Badezimmer Badezimmer und separate Toilette f\u00fcr optimalen Komfort.<\/p>\n\n\n\n<h2 class=\"wp-block-heading has-text-align-center\">die Vorteile der Confort-Reihe<\/h2>\n\n\n\n<h3 class=\"wp-block-heading has-text-align-center\">Nat\u00fcrlicher Schatten, Gute Ausrichtung<br><br><strong> Kein Airco<\/strong><\/h3>\n\n\n\n<h3 class=\"wp-block-heading has-text-align-center\"><strong>Optionales Fernsehen<\/strong><\/h3>\n\n\n\n<h3 class=\"wp-block-heading has-text-align-center\"><strong>Halb\u00fcberdachte + Sonnenschirm<\/strong><\/h3>\n\n\n\n<h2 class=\"wp-block-heading\">2 oder 3 Zimmer?<\/h2>\n\n\n\n<p>Unsere CONFORT-Reihe bietet Ihnen die Wahl zwischen einem Mobilheim mit 3 Schlafzimmern\/6 Personen oder 2 Schlafzimmern\/4 Personen.<\/p>\n\n\n\n<figure class=\"wp-block-gallery has-nested-images columns-default is-cropped encart effect wp-block-gallery-1 is-layout-flex wp-block-gallery-is-layout-flex\">\n<figure class=\"wp-block-image size-large encart-effect\"><a href=\"https:\/\/www.camping-la-verdiere-83.com\/de\/locations\/mobil-home-2-chambres-eco\/\"><img loading=\"lazy\" decoding=\"async\" width=\"926\" height=\"768\" data-id=\"4072\" src=\"https:\/\/www.camping-la-verdiere-83.com\/wp-content\/uploads\/2020\/05\/mobilhome-gorges-verdon-4personnes.jpg\" alt=\"location gorges du Verdon pour 4 personnes\" class=\"wp-image-4072\" srcset=\"https:\/\/www.camping-la-verdiere-83.com\/wp-content\/uploads\/2020\/05\/mobilhome-gorges-verdon-4personnes.jpg 926w, https:\/\/www.camping-la-verdiere-83.com\/wp-content\/uploads\/2020\/05\/mobilhome-gorges-verdon-4personnes-300x249.jpg 300w, https:\/\/www.camping-la-verdiere-83.com\/wp-content\/uploads\/2020\/05\/mobilhome-gorges-verdon-4personnes-768x637.jpg 768w\" sizes=\"auto, (max-width: 926px) 100vw, 926px\" \/><\/a><figcaption class=\"wp-element-caption\">2 CHAMBRES<\/figcaption><\/figure>\n\n\n\n<figure class=\"wp-block-image size-large\"><a href=\"https:\/\/www.camping-la-verdiere-83.com\/de\/locations\/mobil-home-3-chambres-2\/\" target=\"_blank\" rel=\"noreferrer noopener\"><img loading=\"lazy\" decoding=\"async\" width=\"1024\" height=\"768\" data-id=\"4075\" src=\"https:\/\/www.camping-la-verdiere-83.com\/wp-content\/uploads\/2020\/05\/location-6personnes-verdon.jpg\" alt=\"location 6 personnes Verdon\" class=\"wp-image-4075\" srcset=\"https:\/\/www.camping-la-verdiere-83.com\/wp-content\/uploads\/2020\/05\/location-6personnes-verdon.jpg 1024w, https:\/\/www.camping-la-verdiere-83.com\/wp-content\/uploads\/2020\/05\/location-6personnes-verdon-300x225.jpg 300w, https:\/\/www.camping-la-verdiere-83.com\/wp-content\/uploads\/2020\/05\/location-6personnes-verdon-768x576.jpg 768w\" sizes=\"auto, (max-width: 1024px) 100vw, 1024px\" \/><\/a><figcaption class=\"wp-element-caption\">3 CHAMBRES<\/figcaption><\/figure>\n<\/figure>\n\n\n\n<h2 class=\"wp-block-heading\">Glauben Sie, Sie Brauchen ein Mobilheim mit Airco?<\/h2>\n\n\n\n<p><strong>Also, das GRAND COMFORT Reihe k\u00f6nnte Sie interessieren<a href=\"https:\/\/www.camping-la-verdiere-83.com\/gamme-grand-confort\/\" target=\"_blank\" rel=\"noreferrer noopener\">  &gt;&gt;&gt; HIER<\/a><\/strong><\/p>\n\n\n\n<h2 class=\"wp-block-heading\">UND wenn Sie sich zu einer ausgefalleneren Unterkunft verf\u00fcren lassen?<\/h2>\n\n\n\n<h3 class=\"wp-block-heading\">&gt;&gt;&gt;&gt; Erleben Sie das <a href=\"https:\/\/www.camping-la-verdiere-83.com\/de\/locations\/ecolodge-verdon\/\" target=\"_blank\" rel=\"noreferrer noopener\">Tente Lodge Cocooning<\/a> &#8211; Erlebnis ! <\/h3>\n\n\n\n<h2 class=\"wp-block-heading\">Die Vorteile der Mobilheime der Confort-Reihe<\/h2>\n\n\n\n<p>Die CONFORT-Reihe ist die ideale L\u00f6sung f\u00fcr freundliches, komfortables Wohnen zu g\u00fcnstigen Preisen. Es ist als Modell mit 2 oder 3 Schlafzimmern erh\u00e4ltlich. Auf sch\u00f6nen Grundst\u00fccken, die perfekt durch Pflanzenhecken abgegrenzt sind, hat Ihr Komfortmobilheim eine optimale halbschattige oder nach Norden ausgerichtete Ausrichtung &#8230; sp\u00fcrbar, wenn die Sonne im Zenit steht.<\/p>\n\n\n\n<p>Mit 2 Schlafzimmern oder 3 Schlafzimmern entspannen Sie auf Ihrer halb\u00fcberdachten Terrasse, ruhig installiert in Ihren Gartenm\u00f6beln oder auf Ihren Liegest\u00fchlen. Etwas zu viel Sonne f\u00fcr Ihren Geschmack: Nutzen Sie den Sonnenschirm, Ihr CONFORT-Wohnmobil ist damit ausgestattet. Sie k\u00f6nnen es verschieben, um den Schatten Ihrer Terrasse zu vergr\u00f6\u00dfern oder sich im Schatten des Sonnenschirms in Ihrem privaten Garten zu sonnen. Nimm dir die Zeit&#8230; das sind auch Ferien!<\/p>\n\n\n\n<p>Perfekt ausgestattet verf\u00fcgt Ihr Komfortmobilheim \u00fcber einen gro\u00dfen K\u00fchlschrank mit Gefrierfach, alle n\u00fctzlichen Elektrokleinger\u00e4te: Mikrowelle, Toaster, elektrische Kaffeemaschine. F\u00fcr die Zwischensaison ist es mit Elektroheizungen ausgestattet. Der Vorteil des Mobilheim-Komforts ist, dass wir nur das bezahlen, was uns n\u00fctzlich ist: Der Fernseher ist optional, Sie buchen ihn auf Wunsch hinzu. Aller n\u00f6tiger Komfort und nur das N\u00f6tigste!<\/p>\n","protected":false},"excerpt":{"rendered":"<p>Mobilheimvermietung Confort-Sortiment in Verdon Buchen Sie ein Mobilheim der Confort-Reihe in der N\u00e4he der Gorges du Verdon. Privater Garten, privater Parkplatz in unmittelbarer N\u00e4he des Mobilheims, Gartenm\u00f6bel, 2 Liegest\u00fchle, ausgestattete K\u00fcche, alle notwendigen Ger\u00e4te, Mikrowelle, Familienk\u00fchlschrank mit Gefrierfach, Toaster &#8230; elektrischer Wasserkocher, Badezimmer Badezimmer und separate Toilette f\u00fcr optimalen Komfort. die Vorteile der Confort-Reihe Nat\u00fcrlicher [&hellip;]<\/p>\n","protected":false},"author":6,"featured_media":0,"parent":0,"menu_order":0,"comment_status":"closed","ping_status":"closed","template":"","meta":{"footnotes":""},"class_list":["post-5952","page","type-page","status-publish","hentry"],"yoast_head":"<!-- This site is optimized with the Yoast SEO plugin v26.8 - https:\/\/yoast.com\/product\/yoast-seo-wordpress\/ -->\n<title>Gamme CONFORT - La verdi\u00e8re 83<\/title>\n<meta name=\"robots\" content=\"index, follow, max-snippet:-1, max-image-preview:large, max-video-preview:-1\" \/>\n<link rel=\"canonical\" href=\"https:\/\/www.camping-la-verdiere-83.com\/de\/gamme-confort\/\" \/>\n<meta property=\"og:locale\" content=\"de_DE\" \/>\n<meta property=\"og:type\" content=\"article\" \/>\n<meta property=\"og:title\" content=\"Gamme CONFORT - La verdi\u00e8re 83\" \/>\n<meta property=\"og:description\" content=\"Mobilheimvermietung Confort-Sortiment in Verdon Buchen Sie ein Mobilheim der Confort-Reihe in der N\u00e4he der Gorges du Verdon. Privater Garten, privater Parkplatz in unmittelbarer N\u00e4he des Mobilheims, Gartenm\u00f6bel, 2 Liegest\u00fchle, ausgestattete K\u00fcche, alle notwendigen Ger\u00e4te, Mikrowelle, Familienk\u00fchlschrank mit Gefrierfach, Toaster &#8230; elektrischer Wasserkocher, Badezimmer Badezimmer und separate Toilette f\u00fcr optimalen Komfort. die Vorteile der Confort-Reihe Nat\u00fcrlicher [&hellip;]\" \/>\n<meta property=\"og:url\" content=\"https:\/\/www.camping-la-verdiere-83.com\/de\/gamme-confort\/\" \/>\n<meta property=\"og:site_name\" content=\"La verdi\u00e8re 83\" \/>\n<meta property=\"article:modified_time\" content=\"2023-05-01T15:30:29+00:00\" \/>\n<meta property=\"og:image\" content=\"https:\/\/www.camping-la-verdiere-83.com\/wp-content\/uploads\/2020\/05\/mobilhome-gorges-verdon-4personnes.jpg\" \/>\n<meta name=\"twitter:label1\" content=\"Gesch\u00e4tzte Lesezeit\" \/>\n\t<meta name=\"twitter:data1\" content=\"2\u00a0Minuten\" \/>\n<script type=\"application\/ld+json\" class=\"yoast-schema-graph\">{\"@context\":\"https:\/\/schema.org\",\"@graph\":[{\"@type\":\"WebPage\",\"@id\":\"https:\/\/www.camping-la-verdiere-83.com\/de\/gamme-confort\/\",\"url\":\"https:\/\/www.camping-la-verdiere-83.com\/de\/gamme-confort\/\",\"name\":\"Gamme CONFORT - La verdi\u00e8re 83\",\"isPartOf\":{\"@id\":\"https:\/\/www.camping-la-verdiere-83.com\/#website\"},\"primaryImageOfPage\":{\"@id\":\"https:\/\/www.camping-la-verdiere-83.com\/de\/gamme-confort\/#primaryimage\"},\"image\":{\"@id\":\"https:\/\/www.camping-la-verdiere-83.com\/de\/gamme-confort\/#primaryimage\"},\"thumbnailUrl\":\"https:\/\/www.camping-la-verdiere-83.com\/wp-content\/uploads\/2020\/05\/mobilhome-gorges-verdon-4personnes.jpg\",\"datePublished\":\"2023-01-07T13:33:09+00:00\",\"dateModified\":\"2023-05-01T15:30:29+00:00\",\"breadcrumb\":{\"@id\":\"https:\/\/www.camping-la-verdiere-83.com\/de\/gamme-confort\/#breadcrumb\"},\"inLanguage\":\"de\",\"potentialAction\":[{\"@type\":\"ReadAction\",\"target\":[\"https:\/\/www.camping-la-verdiere-83.com\/de\/gamme-confort\/\"]}]},{\"@type\":\"ImageObject\",\"inLanguage\":\"de\",\"@id\":\"https:\/\/www.camping-la-verdiere-83.com\/de\/gamme-confort\/#primaryimage\",\"url\":\"https:\/\/www.camping-la-verdiere-83.com\/wp-content\/uploads\/2020\/05\/mobilhome-gorges-verdon-4personnes.jpg\",\"contentUrl\":\"https:\/\/www.camping-la-verdiere-83.com\/wp-content\/uploads\/2020\/05\/mobilhome-gorges-verdon-4personnes.jpg\"},{\"@type\":\"BreadcrumbList\",\"@id\":\"https:\/\/www.camping-la-verdiere-83.com\/de\/gamme-confort\/#breadcrumb\",\"itemListElement\":[{\"@type\":\"ListItem\",\"position\":1,\"name\":\"Accueil\",\"item\":\"https:\/\/www.camping-la-verdiere-83.com\/de\/\"},{\"@type\":\"ListItem\",\"position\":2,\"name\":\"Gamme CONFORT\"}]},{\"@type\":\"WebSite\",\"@id\":\"https:\/\/www.camping-la-verdiere-83.com\/#website\",\"url\":\"https:\/\/www.camping-la-verdiere-83.com\/\",\"name\":\"La verdi\u00e8re 83\",\"description\":\"camping verdon\",\"potentialAction\":[{\"@type\":\"SearchAction\",\"target\":{\"@type\":\"EntryPoint\",\"urlTemplate\":\"https:\/\/www.camping-la-verdiere-83.com\/?s={search_term_string}\"},\"query-input\":{\"@type\":\"PropertyValueSpecification\",\"valueRequired\":true,\"valueName\":\"search_term_string\"}}],\"inLanguage\":\"de\"}]}<\/script>\n<!-- \/ Yoast SEO plugin. -->","yoast_head_json":{"title":"Gamme CONFORT - La verdi\u00e8re 83","robots":{"index":"index","follow":"follow","max-snippet":"max-snippet:-1","max-image-preview":"max-image-preview:large","max-video-preview":"max-video-preview:-1"},"canonical":"https:\/\/www.camping-la-verdiere-83.com\/de\/gamme-confort\/","og_locale":"de_DE","og_type":"article","og_title":"Gamme CONFORT - La verdi\u00e8re 83","og_description":"Mobilheimvermietung Confort-Sortiment in Verdon Buchen Sie ein Mobilheim der Confort-Reihe in der N\u00e4he der Gorges du Verdon. Privater Garten, privater Parkplatz in unmittelbarer N\u00e4he des Mobilheims, Gartenm\u00f6bel, 2 Liegest\u00fchle, ausgestattete K\u00fcche, alle notwendigen Ger\u00e4te, Mikrowelle, Familienk\u00fchlschrank mit Gefrierfach, Toaster &#8230; elektrischer Wasserkocher, Badezimmer Badezimmer und separate Toilette f\u00fcr optimalen Komfort. die Vorteile der Confort-Reihe Nat\u00fcrlicher [&hellip;]","og_url":"https:\/\/www.camping-la-verdiere-83.com\/de\/gamme-confort\/","og_site_name":"La verdi\u00e8re 83","article_modified_time":"2023-05-01T15:30:29+00:00","og_image":[{"url":"https:\/\/www.camping-la-verdiere-83.com\/wp-content\/uploads\/2020\/05\/mobilhome-gorges-verdon-4personnes.jpg","type":"","width":"","height":""}],"twitter_misc":{"Gesch\u00e4tzte Lesezeit":"2\u00a0Minuten"},"schema":{"@context":"https:\/\/schema.org","@graph":[{"@type":"WebPage","@id":"https:\/\/www.camping-la-verdiere-83.com\/de\/gamme-confort\/","url":"https:\/\/www.camping-la-verdiere-83.com\/de\/gamme-confort\/","name":"Gamme CONFORT - La verdi\u00e8re 83","isPartOf":{"@id":"https:\/\/www.camping-la-verdiere-83.com\/#website"},"primaryImageOfPage":{"@id":"https:\/\/www.camping-la-verdiere-83.com\/de\/gamme-confort\/#primaryimage"},"image":{"@id":"https:\/\/www.camping-la-verdiere-83.com\/de\/gamme-confort\/#primaryimage"},"thumbnailUrl":"https:\/\/www.camping-la-verdiere-83.com\/wp-content\/uploads\/2020\/05\/mobilhome-gorges-verdon-4personnes.jpg","datePublished":"2023-01-07T13:33:09+00:00","dateModified":"2023-05-01T15:30:29+00:00","breadcrumb":{"@id":"https:\/\/www.camping-la-verdiere-83.com\/de\/gamme-confort\/#breadcrumb"},"inLanguage":"de","potentialAction":[{"@type":"ReadAction","target":["https:\/\/www.camping-la-verdiere-83.com\/de\/gamme-confort\/"]}]},{"@type":"ImageObject","inLanguage":"de","@id":"https:\/\/www.camping-la-verdiere-83.com\/de\/gamme-confort\/#primaryimage","url":"https:\/\/www.camping-la-verdiere-83.com\/wp-content\/uploads\/2020\/05\/mobilhome-gorges-verdon-4personnes.jpg","contentUrl":"https:\/\/www.camping-la-verdiere-83.com\/wp-content\/uploads\/2020\/05\/mobilhome-gorges-verdon-4personnes.jpg"},{"@type":"BreadcrumbList","@id":"https:\/\/www.camping-la-verdiere-83.com\/de\/gamme-confort\/#breadcrumb","itemListElement":[{"@type":"ListItem","position":1,"name":"Accueil","item":"https:\/\/www.camping-la-verdiere-83.com\/de\/"},{"@type":"ListItem","position":2,"name":"Gamme CONFORT"}]},{"@type":"WebSite","@id":"https:\/\/www.camping-la-verdiere-83.com\/#website","url":"https:\/\/www.camping-la-verdiere-83.com\/","name":"La verdi\u00e8re 83","description":"camping verdon","potentialAction":[{"@type":"SearchAction","target":{"@type":"EntryPoint","urlTemplate":"https:\/\/www.camping-la-verdiere-83.com\/?s={search_term_string}"},"query-input":{"@type":"PropertyValueSpecification","valueRequired":true,"valueName":"search_term_string"}}],"inLanguage":"de"}]}},"_links":{"self":[{"href":"https:\/\/www.camping-la-verdiere-83.com\/de\/wp-json\/wp\/v2\/pages\/5952","targetHints":{"allow":["GET"]}}],"collection":[{"href":"https:\/\/www.camping-la-verdiere-83.com\/de\/wp-json\/wp\/v2\/pages"}],"about":[{"href":"https:\/\/www.camping-la-verdiere-83.com\/de\/wp-json\/wp\/v2\/types\/page"}],"author":[{"embeddable":true,"href":"https:\/\/www.camping-la-verdiere-83.com\/de\/wp-json\/wp\/v2\/users\/6"}],"replies":[{"embeddable":true,"href":"https:\/\/www.camping-la-verdiere-83.com\/de\/wp-json\/wp\/v2\/comments?post=5952"}],"version-history":[{"count":0,"href":"https:\/\/www.camping-la-verdiere-83.com\/de\/wp-json\/wp\/v2\/pages\/5952\/revisions"}],"wp:attachment":[{"href":"https:\/\/www.camping-la-verdiere-83.com\/de\/wp-json\/wp\/v2\/media?parent=5952"}],"curies":[{"name":"wp","href":"https:\/\/api.w.org\/{rel}","templated":true}]}}