{"id":3164,"date":"2015-01-31T21:01:23","date_gmt":"2015-01-31T20:01:23","guid":{"rendered":"https:\/\/www.camping-la-verdiere-83.com\/location-mobil-home-var\/"},"modified":"2019-11-16T11:11:42","modified_gmt":"2019-11-16T10:11:42","slug":"location-mobil-home-var","status":"publish","type":"page","link":"https:\/\/www.camping-la-verdiere-83.com\/en\/location-mobil-home-var\/","title":{"rendered":"location emplacement et mobil home verdon"},"content":{"rendered":"<p>At La Verdi\u00e8re campsite you will enjoy a privileged, quiet and comfortable location, in a preserved natural setting in the heart of the Var department. Close to the amenities of its charming little village, typically Proven\u00e7al and dominated by the wonderfull Ch\u00e2teau de La Verdi\u00e8re.<\/p>\n<p>&nbsp;<\/p>\n<p>Enjoy hiking in the Verdon, on foot, by bike or horseback, and enjoy water activities and walks on the Gorges trails. Rent a canoe to explore the Gorges or sail peacefully on the calm waters of the Verdon lakes, nature is open to you! The first lake (Quinson) is 15 minutes from the campsite and offers an entrance on 9 kms of Gorges where freshness and unique landscapes are combined for the enjoyment of young and old. You will be able to join the Lake Esparron in pedal boat, electric boat, paddle or canoe: good times guaranteed with family or friends! You will be amazed by the wild beauty, and overwhelmed by the vastness of Lake St. Croix, 40 minutes from the campsite on the beautiful roads of the Verdon. Protected natural site since 1990, the Lake holds the label &#8220;Grand Site de France&#8221;.<\/p>\n<p><strong>\u00a0<\/strong><\/p>\n","protected":false},"excerpt":{"rendered":"<p>At La Verdi\u00e8re campsite you will enjoy a privileged, quiet and comfortable location, in a preserved natural setting in the heart of the Var department. Close to the amenities of its charming little village, typically Proven\u00e7al and dominated by the wonderfull Ch\u00e2teau de La Verdi\u00e8re. &nbsp; Enjoy hiking in the Verdon, on foot, by bike [&hellip;]<\/p>\n","protected":false},"author":1,"featured_media":0,"parent":0,"menu_order":0,"comment_status":"open","ping_status":"open","template":"","meta":{"footnotes":""},"class_list":["post-3164","page","type-page","status-publish","hentry"],"yoast_head":"<!-- This site is optimized with the Yoast SEO plugin v26.8 - https:\/\/yoast.com\/product\/yoast-seo-wordpress\/ -->\n<title>location gorges du Verdon | La Verdi\u00e8re<\/title>\n<meta name=\"robots\" content=\"index, follow, max-snippet:-1, max-image-preview:large, max-video-preview:-1\" \/>\n<link rel=\"canonical\" href=\"https:\/\/www.camping-la-verdiere-83.com\/en\/location-mobil-home-var\/\" \/>\n<meta property=\"og:locale\" content=\"en_US\" \/>\n<meta property=\"og:type\" content=\"article\" \/>\n<meta property=\"og:title\" content=\"location gorges du Verdon | La Verdi\u00e8re\" \/>\n<meta property=\"og:description\" content=\"At La Verdi\u00e8re campsite you will enjoy a privileged, quiet and comfortable location, in a preserved natural setting in the heart of the Var department. Close to the amenities of its charming little village, typically Proven\u00e7al and dominated by the wonderfull Ch\u00e2teau de La Verdi\u00e8re. &nbsp; Enjoy hiking in the Verdon, on foot, by bike [&hellip;]\" \/>\n<meta property=\"og:url\" content=\"https:\/\/www.camping-la-verdiere-83.com\/en\/location-mobil-home-var\/\" \/>\n<meta property=\"og:site_name\" content=\"La verdi\u00e8re 83\" \/>\n<meta property=\"article:modified_time\" content=\"2019-11-16T10:11:42+00:00\" \/>\n<meta name=\"twitter:label1\" content=\"Est. reading time\" \/>\n\t<meta name=\"twitter:data1\" content=\"1 minute\" \/>\n<script type=\"application\/ld+json\" class=\"yoast-schema-graph\">{\"@context\":\"https:\/\/schema.org\",\"@graph\":[{\"@type\":\"WebPage\",\"@id\":\"https:\/\/www.camping-la-verdiere-83.com\/en\/location-mobil-home-var\/\",\"url\":\"https:\/\/www.camping-la-verdiere-83.com\/en\/location-mobil-home-var\/\",\"name\":\"location gorges du Verdon | La Verdi\u00e8re\",\"isPartOf\":{\"@id\":\"https:\/\/www.camping-la-verdiere-83.com\/#website\"},\"datePublished\":\"2015-01-31T20:01:23+00:00\",\"dateModified\":\"2019-11-16T10:11:42+00:00\",\"breadcrumb\":{\"@id\":\"https:\/\/www.camping-la-verdiere-83.com\/en\/location-mobil-home-var\/#breadcrumb\"},\"inLanguage\":\"en-US\",\"potentialAction\":[{\"@type\":\"ReadAction\",\"target\":[\"https:\/\/www.camping-la-verdiere-83.com\/en\/location-mobil-home-var\/\"]}]},{\"@type\":\"BreadcrumbList\",\"@id\":\"https:\/\/www.camping-la-verdiere-83.com\/en\/location-mobil-home-var\/#breadcrumb\",\"itemListElement\":[{\"@type\":\"ListItem\",\"position\":1,\"name\":\"Accueil\",\"item\":\"https:\/\/www.camping-la-verdiere-83.com\/en\/\"},{\"@type\":\"ListItem\",\"position\":2,\"name\":\"location emplacement et mobil home verdon\"}]},{\"@type\":\"WebSite\",\"@id\":\"https:\/\/www.camping-la-verdiere-83.com\/#website\",\"url\":\"https:\/\/www.camping-la-verdiere-83.com\/\",\"name\":\"La verdi\u00e8re 83\",\"description\":\"camping verdon\",\"potentialAction\":[{\"@type\":\"SearchAction\",\"target\":{\"@type\":\"EntryPoint\",\"urlTemplate\":\"https:\/\/www.camping-la-verdiere-83.com\/?s={search_term_string}\"},\"query-input\":{\"@type\":\"PropertyValueSpecification\",\"valueRequired\":true,\"valueName\":\"search_term_string\"}}],\"inLanguage\":\"en-US\"}]}<\/script>\n<!-- \/ Yoast SEO plugin. -->","yoast_head_json":{"title":"location gorges du Verdon | La Verdi\u00e8re","robots":{"index":"index","follow":"follow","max-snippet":"max-snippet:-1","max-image-preview":"max-image-preview:large","max-video-preview":"max-video-preview:-1"},"canonical":"https:\/\/www.camping-la-verdiere-83.com\/en\/location-mobil-home-var\/","og_locale":"en_US","og_type":"article","og_title":"location gorges du Verdon | La Verdi\u00e8re","og_description":"At La Verdi\u00e8re campsite you will enjoy a privileged, quiet and comfortable location, in a preserved natural setting in the heart of the Var department. Close to the amenities of its charming little village, typically Proven\u00e7al and dominated by the wonderfull Ch\u00e2teau de La Verdi\u00e8re. &nbsp; Enjoy hiking in the Verdon, on foot, by bike [&hellip;]","og_url":"https:\/\/www.camping-la-verdiere-83.com\/en\/location-mobil-home-var\/","og_site_name":"La verdi\u00e8re 83","article_modified_time":"2019-11-16T10:11:42+00:00","twitter_misc":{"Est. reading time":"1 minute"},"schema":{"@context":"https:\/\/schema.org","@graph":[{"@type":"WebPage","@id":"https:\/\/www.camping-la-verdiere-83.com\/en\/location-mobil-home-var\/","url":"https:\/\/www.camping-la-verdiere-83.com\/en\/location-mobil-home-var\/","name":"location gorges du Verdon | La Verdi\u00e8re","isPartOf":{"@id":"https:\/\/www.camping-la-verdiere-83.com\/#website"},"datePublished":"2015-01-31T20:01:23+00:00","dateModified":"2019-11-16T10:11:42+00:00","breadcrumb":{"@id":"https:\/\/www.camping-la-verdiere-83.com\/en\/location-mobil-home-var\/#breadcrumb"},"inLanguage":"en-US","potentialAction":[{"@type":"ReadAction","target":["https:\/\/www.camping-la-verdiere-83.com\/en\/location-mobil-home-var\/"]}]},{"@type":"BreadcrumbList","@id":"https:\/\/www.camping-la-verdiere-83.com\/en\/location-mobil-home-var\/#breadcrumb","itemListElement":[{"@type":"ListItem","position":1,"name":"Accueil","item":"https:\/\/www.camping-la-verdiere-83.com\/en\/"},{"@type":"ListItem","position":2,"name":"location emplacement et mobil home verdon"}]},{"@type":"WebSite","@id":"https:\/\/www.camping-la-verdiere-83.com\/#website","url":"https:\/\/www.camping-la-verdiere-83.com\/","name":"La verdi\u00e8re 83","description":"camping verdon","potentialAction":[{"@type":"SearchAction","target":{"@type":"EntryPoint","urlTemplate":"https:\/\/www.camping-la-verdiere-83.com\/?s={search_term_string}"},"query-input":{"@type":"PropertyValueSpecification","valueRequired":true,"valueName":"search_term_string"}}],"inLanguage":"en-US"}]}},"_links":{"self":[{"href":"https:\/\/www.camping-la-verdiere-83.com\/en\/wp-json\/wp\/v2\/pages\/3164","targetHints":{"allow":["GET"]}}],"collection":[{"href":"https:\/\/www.camping-la-verdiere-83.com\/en\/wp-json\/wp\/v2\/pages"}],"about":[{"href":"https:\/\/www.camping-la-verdiere-83.com\/en\/wp-json\/wp\/v2\/types\/page"}],"author":[{"embeddable":true,"href":"https:\/\/www.camping-la-verdiere-83.com\/en\/wp-json\/wp\/v2\/users\/1"}],"replies":[{"embeddable":true,"href":"https:\/\/www.camping-la-verdiere-83.com\/en\/wp-json\/wp\/v2\/comments?post=3164"}],"version-history":[{"count":0,"href":"https:\/\/www.camping-la-verdiere-83.com\/en\/wp-json\/wp\/v2\/pages\/3164\/revisions"}],"wp:attachment":[{"href":"https:\/\/www.camping-la-verdiere-83.com\/en\/wp-json\/wp\/v2\/media?parent=3164"}],"curies":[{"name":"wp","href":"https:\/\/api.w.org\/{rel}","templated":true}]}}